{"id":134,"date":"2018-11-09T11:53:20","date_gmt":"2018-11-09T10:53:20","guid":{"rendered":"https:\/\/localhost\/starter\/?page_id=134"},"modified":"2018-11-26T10:29:57","modified_gmt":"2018-11-26T09:29:57","slug":"mentions-legales","status":"publish","type":"page","link":"https:\/\/alaisenet.fr\/starter\/mentions-legales\/","title":{"rendered":"Mentions l\u00e9gales"},"content":{"rendered":"<p>[et_pb_section bb_built=\u00a0\u00bb1&Prime; specialty=\u00a0\u00bboff\u00a0\u00bb _builder_version=\u00a0\u00bb3.13&Prime; background_color_gradient_start=\u00a0\u00bb#002a39&Prime; background_color_gradient_end=\u00a0\u00bb#0092c3&Prime; background_color_gradient_type=\u00a0\u00bbradial\u00a0\u00bb background_color_gradient_direction_radial=\u00a0\u00bbtop right\u00a0\u00bb next_background_color=\u00a0\u00bb#000000&Prime; background_color=\u00a0\u00bb#002a39&Prime; top_divider_style=\u00a0\u00bbasymmetric\u00a0\u00bb top_divider_color=\u00a0\u00bb#004359&Prime; top_divider_height=\u00a0\u00bb70px\u00a0\u00bb][et_pb_row _builder_version=\u00a0\u00bb3.13&Prime;][et_pb_column type=\u00a0\u00bb1_2&Prime;][et_pb_text _builder_version=\u00a0\u00bb3.13&Prime; header_4_text_color=\u00a0\u00bb#ff8300&Prime; text_text_color=\u00a0\u00bb#ffffff\u00a0\u00bb]<\/p>\n<h4>Propri\u00e9t\u00e9 intellectuelle<\/h4>\n<p>Ce site est la propri\u00e9t\u00e9 de MaSociete repr\u00e9sent\u00e9e par Aline Eha.<br \/>\nAucune reproduction ou utilisation des \u00e9l\u00e9ments (photos, texte..) n&rsquo;est donc autoris\u00e9e sans en mentionner la source.<\/p>\n<p>[\/et_pb_text][\/et_pb_column][et_pb_column type=\u00a0\u00bb1_2&Prime;][et_pb_text _builder_version=\u00a0\u00bb3.13&Prime; header_4_text_color=\u00a0\u00bb#ff8300&Prime; text_text_color=\u00a0\u00bb#ffffff\u00a0\u00bb]<\/p>\n<h4>Editeur<\/h4>\n<p>Ce site est r\u00e9alis\u00e9 par <img loading=\"lazy\" decoding=\"async\" class=\"\" src=\"https:\/\/alaisenet.fr\/images\/mention-alaisenet.png\" width=\"100\" height=\"25\" \/> repr\u00e9sent\u00e9e par Morgan BLANDIN.<br \/>\nMetz Valli\u00e8res &#8211; 07 83 12 29 67<br \/>\nResponsable du site : Morgan BLANDIN<br \/>\nSous contrat CAPE aupr\u00e8s de la soci\u00e9t\u00e9 PACELOR au capital de 7500 \u20ac.<br \/>\n5 rue Alfred Kastler &#8211; Maxeville &#8211; France &#8211; 03 83 50 50 80<br \/>\nTVA intracommunautaire : FR 15491095675<br \/>\nRCS : 491 095 675 &#8211; THIONVILLE<\/p>\n<p>[\/et_pb_text][\/et_pb_column][\/et_pb_row][\/et_pb_section][et_pb_section bb_built=\u00a0\u00bb1&Prime; specialty=\u00a0\u00bboff\u00a0\u00bb prev_background_color=\u00a0\u00bb#000000&Prime; next_background_color=\u00a0\u00bb#000000&Prime; _builder_version=\u00a0\u00bb3.13&Prime; background_color=\u00a0\u00bb#002a39&Prime; top_divider_style=\u00a0\u00bbasymmetric\u00a0\u00bb top_divider_color=\u00a0\u00bb#004359&Prime; top_divider_height=\u00a0\u00bb70px\u00a0\u00bb][et_pb_row][et_pb_column type=\u00a0\u00bb1_2&Prime;][et_pb_text _builder_version=\u00a0\u00bb3.13&Prime; header_4_text_color=\u00a0\u00bb#ff8300&Prime; text_text_color=\u00a0\u00bb#ffffff\u00a0\u00bb]<\/p>\n<h4>H\u00e9bergement<\/h4>\n<p>Ce site est h\u00e9berg\u00e9 chez la soci\u00e9t\u00e9 OVH.<br \/>\nSi\u00e8ge social : 2 rue Kellermann &#8211; 59100 Roubaix &#8211; France<br \/>\nTel: 09 72 10 10 07.<\/p>\n<p>[\/et_pb_text][\/et_pb_column][et_pb_column type=\u00a0\u00bb1_2&Prime;][et_pb_text _builder_version=\u00a0\u00bb3.13&Prime; header_4_text_color=\u00a0\u00bb#ff8300&Prime; text_text_color=\u00a0\u00bb#ffffff\u00a0\u00bb]<\/p>\n<h4>Graphisme<\/h4>\n<p>Les images proviennent de <a class=\"lien-mentions\" href=\"http:\/\/www.freepik.com\" target=\"_blank\" rel=\"noopener\">freepik<\/a>.<\/p>\n<p>[\/et_pb_text][\/et_pb_column][\/et_pb_row][\/et_pb_section][et_pb_section bb_built=\u00a0\u00bb1&Prime; specialty=\u00a0\u00bboff\u00a0\u00bb prev_background_color=\u00a0\u00bb#000000&Prime; next_background_color=\u00a0\u00bb#000000&Prime; _builder_version=\u00a0\u00bb3.13&Prime; background_color=\u00a0\u00bb#002a39&Prime; top_divider_style=\u00a0\u00bbasymmetric\u00a0\u00bb top_divider_color=\u00a0\u00bb#004359&Prime; top_divider_height=\u00a0\u00bb70px\u00a0\u00bb][et_pb_row][et_pb_column type=\u00a0\u00bb1_2&Prime;][et_pb_text _builder_version=\u00a0\u00bb3.13&Prime; header_4_text_color=\u00a0\u00bb#ff8300&Prime; text_text_color=\u00a0\u00bb#ffffff\u00a0\u00bb]<\/p>\n<h4>Confidentialit\u00e9<\/h4>\n<p>Conform\u00e9ment \u00e0 la loi du 06.01.1978 de la CNIL, aucune donn\u00e9es personnelles ne sera partag\u00e9es, vendues ou transf\u00e9r\u00e9es par MaSociete.<\/p>\n<p>[\/et_pb_text][\/et_pb_column][et_pb_column type=\u00a0\u00bb1_2&Prime;][et_pb_text _builder_version=\u00a0\u00bb3.13&Prime; header_4_text_color=\u00a0\u00bb#ff8300&Prime; text_text_color=\u00a0\u00bb#ffffff\u00a0\u00bb]<\/p>\n<h4>Responsabilit\u00e9<\/h4>\n<p>La responsabilit\u00e9 de MaSociete ne saura \u00eatre engag\u00e9e sur l&rsquo;\u00e9ventuelle utilisation de vos donn\u00e9es, lors de l&rsquo;envoi du formulaire de contact, par un tiers non autoris\u00e9.<\/p>\n<p>[\/et_pb_text][\/et_pb_column][\/et_pb_row][\/et_pb_section][et_pb_section bb_built=\u00a0\u00bb1&Prime; specialty=\u00a0\u00bboff\u00a0\u00bb prev_background_color=\u00a0\u00bb#000000&Prime; _builder_version=\u00a0\u00bb3.13&Prime; top_divider_style=\u00a0\u00bbasymmetric\u00a0\u00bb top_divider_color=\u00a0\u00bb#004359&Prime; background_color=\u00a0\u00bb#002a39&Prime; top_divider_height=\u00a0\u00bb70px\u00a0\u00bb border_color_bottom=\u00a0\u00bb#000000&Prime;][et_pb_row _builder_version=\u00a0\u00bb3.13&Prime;][et_pb_column type=\u00a0\u00bb4_4&Prime;][et_pb_text _builder_version=\u00a0\u00bb3.13&Prime; header_4_text_color=\u00a0\u00bb#ff8300&Prime; text_text_color=\u00a0\u00bb#ffffff\u00a0\u00bb]<\/p>\n<h4>Gestion des donn\u00e9es personnelles<\/h4>\n<p>MaSociete sauvegarde vos donn\u00e9es personnelles (nom et email) afin de pouvoir vous tenir inform\u00e9s de ces articles d&rsquo;informations. Elles sont conserv\u00e9es pour une dur\u00e9e de 3 ans et sont exclusivement destin\u00e9es \u00e0 Aline Eha, directrice de MaSociete.<br \/>\nConform\u00e9ment \u00e0 <a href=\"https:\/\/www.cnil.fr\/fr\/loi-78-17-du-6-janvier-1978-modifiee\" target=\"_blank\" rel=\"noopener\">la loi informatique et libert\u00e9s<\/a>, vous pouvez exercer votre droit d&rsquo;acc\u00e8s, de rectification et de suppression des donn\u00e9es vous concernant en nous faisant une demande par mail : <a href=\"mailto:contact@masociete.com\">contact@masociete.com<\/a><\/p>\n<p>[\/et_pb_text][\/et_pb_column][\/et_pb_row][\/et_pb_section]<\/p>\n","protected":false},"excerpt":{"rendered":"<p>Propri\u00e9t\u00e9 intellectuelle Ce site est la propri\u00e9t\u00e9 de MaSociete repr\u00e9sent\u00e9e par Aline Eha. Aucune reproduction ou utilisation des \u00e9l\u00e9ments (photos, texte..) n&rsquo;est donc autoris\u00e9e sans en mentionner la source. Editeur Ce site est r\u00e9alis\u00e9 par repr\u00e9sent\u00e9e par Morgan BLANDIN. Metz Valli\u00e8res &#8211; 07 83 12 29 67 Responsable du site : Morgan BLANDIN Sous contrat [&hellip;]<\/p>\n","protected":false},"author":1,"featured_media":0,"parent":0,"menu_order":0,"comment_status":"closed","ping_status":"closed","template":"","meta":{"_acf_changed":false,"_et_pb_use_builder":"on","_et_pb_old_content":"","_et_gb_content_width":"","footnotes":""},"class_list":["post-134","page","type-page","status-publish","hentry"],"acf":[],"yoast_head":"<!-- This site is optimized with the Yoast SEO plugin v27.6 - https:\/\/yoast.com\/product\/yoast-seo-wordpress\/ -->\n<title>Mentions l\u00e9gales - AlaiseSTARTER<\/title>\n<meta name=\"robots\" content=\"noindex, follow, max-snippet:-1, max-image-preview:large, max-video-preview:-1\" \/>\n<meta property=\"og:locale\" content=\"fr_FR\" \/>\n<meta property=\"og:type\" content=\"article\" \/>\n<meta property=\"og:title\" content=\"Mentions l\u00e9gales - AlaiseSTARTER\" \/>\n<meta property=\"og:description\" content=\"Propri\u00e9t\u00e9 intellectuelle Ce site est la propri\u00e9t\u00e9 de MaSociete repr\u00e9sent\u00e9e par Aline Eha. Aucune reproduction ou utilisation des \u00e9l\u00e9ments (photos, texte..) n&#039;est donc autoris\u00e9e sans en mentionner la source. Editeur Ce site est r\u00e9alis\u00e9 par repr\u00e9sent\u00e9e par Morgan BLANDIN. Metz Valli\u00e8res - 07 83 12 29 67 Responsable du site : Morgan BLANDIN Sous contrat [&hellip;]\" \/>\n<meta property=\"og:url\" content=\"https:\/\/alaisenet.fr\/starter\/mentions-legales\/\" \/>\n<meta property=\"og:site_name\" content=\"AlaiseSTARTER\" \/>\n<meta property=\"article:modified_time\" content=\"2018-11-26T09:29:57+00:00\" \/>\n<meta property=\"og:image\" content=\"https:\/\/alaisenet.fr\/images\/mention-alaisenet.png\" \/>\n<meta name=\"twitter:card\" content=\"summary_large_image\" \/>\n<meta name=\"twitter:label1\" content=\"Dur\u00e9e de lecture estim\u00e9e\" \/>\n\t<meta name=\"twitter:data1\" content=\"3 minutes\" \/>\n<script type=\"application\/ld+json\" class=\"yoast-schema-graph\">{\"@context\":\"https:\\\/\\\/schema.org\",\"@graph\":[{\"@type\":\"WebPage\",\"@id\":\"https:\\\/\\\/alaisenet.fr\\\/starter\\\/mentions-legales\\\/\",\"url\":\"https:\\\/\\\/alaisenet.fr\\\/starter\\\/mentions-legales\\\/\",\"name\":\"Mentions l\u00e9gales - AlaiseSTARTER\",\"isPartOf\":{\"@id\":\"https:\\\/\\\/alaisenet.fr\\\/starter\\\/#website\"},\"primaryImageOfPage\":{\"@id\":\"https:\\\/\\\/alaisenet.fr\\\/starter\\\/mentions-legales\\\/#primaryimage\"},\"image\":{\"@id\":\"https:\\\/\\\/alaisenet.fr\\\/starter\\\/mentions-legales\\\/#primaryimage\"},\"thumbnailUrl\":\"https:\\\/\\\/alaisenet.fr\\\/images\\\/mention-alaisenet.png\",\"datePublished\":\"2018-11-09T10:53:20+00:00\",\"dateModified\":\"2018-11-26T09:29:57+00:00\",\"breadcrumb\":{\"@id\":\"https:\\\/\\\/alaisenet.fr\\\/starter\\\/mentions-legales\\\/#breadcrumb\"},\"inLanguage\":\"fr-FR\",\"potentialAction\":[{\"@type\":\"ReadAction\",\"target\":[\"https:\\\/\\\/alaisenet.fr\\\/starter\\\/mentions-legales\\\/\"]}]},{\"@type\":\"ImageObject\",\"inLanguage\":\"fr-FR\",\"@id\":\"https:\\\/\\\/alaisenet.fr\\\/starter\\\/mentions-legales\\\/#primaryimage\",\"url\":\"https:\\\/\\\/alaisenet.fr\\\/images\\\/mention-alaisenet.png\",\"contentUrl\":\"https:\\\/\\\/alaisenet.fr\\\/images\\\/mention-alaisenet.png\"},{\"@type\":\"BreadcrumbList\",\"@id\":\"https:\\\/\\\/alaisenet.fr\\\/starter\\\/mentions-legales\\\/#breadcrumb\",\"itemListElement\":[{\"@type\":\"ListItem\",\"position\":1,\"name\":\"Accueil\",\"item\":\"https:\\\/\\\/alaisenet.fr\\\/starter\\\/\"},{\"@type\":\"ListItem\",\"position\":2,\"name\":\"Mentions l\u00e9gales\"}]},{\"@type\":\"WebSite\",\"@id\":\"https:\\\/\\\/alaisenet.fr\\\/starter\\\/#website\",\"url\":\"https:\\\/\\\/alaisenet.fr\\\/starter\\\/\",\"name\":\"AlaiseSTARTER\",\"description\":\"Site pr\u00eat \u00e0 l&#039;emploi\",\"potentialAction\":[{\"@type\":\"SearchAction\",\"target\":{\"@type\":\"EntryPoint\",\"urlTemplate\":\"https:\\\/\\\/alaisenet.fr\\\/starter\\\/?s={search_term_string}\"},\"query-input\":{\"@type\":\"PropertyValueSpecification\",\"valueRequired\":true,\"valueName\":\"search_term_string\"}}],\"inLanguage\":\"fr-FR\"}]}<\/script>\n<!-- \/ Yoast SEO plugin. -->","yoast_head_json":{"title":"Mentions l\u00e9gales - AlaiseSTARTER","robots":{"index":"noindex","follow":"follow","max-snippet":"max-snippet:-1","max-image-preview":"max-image-preview:large","max-video-preview":"max-video-preview:-1"},"og_locale":"fr_FR","og_type":"article","og_title":"Mentions l\u00e9gales - AlaiseSTARTER","og_description":"Propri\u00e9t\u00e9 intellectuelle Ce site est la propri\u00e9t\u00e9 de MaSociete repr\u00e9sent\u00e9e par Aline Eha. Aucune reproduction ou utilisation des \u00e9l\u00e9ments (photos, texte..) n'est donc autoris\u00e9e sans en mentionner la source. Editeur Ce site est r\u00e9alis\u00e9 par repr\u00e9sent\u00e9e par Morgan BLANDIN. Metz Valli\u00e8res - 07 83 12 29 67 Responsable du site : Morgan BLANDIN Sous contrat [&hellip;]","og_url":"https:\/\/alaisenet.fr\/starter\/mentions-legales\/","og_site_name":"AlaiseSTARTER","article_modified_time":"2018-11-26T09:29:57+00:00","og_image":[{"url":"https:\/\/alaisenet.fr\/images\/mention-alaisenet.png","type":"","width":"","height":""}],"twitter_card":"summary_large_image","twitter_misc":{"Dur\u00e9e de lecture estim\u00e9e":"3 minutes"},"schema":{"@context":"https:\/\/schema.org","@graph":[{"@type":"WebPage","@id":"https:\/\/alaisenet.fr\/starter\/mentions-legales\/","url":"https:\/\/alaisenet.fr\/starter\/mentions-legales\/","name":"Mentions l\u00e9gales - AlaiseSTARTER","isPartOf":{"@id":"https:\/\/alaisenet.fr\/starter\/#website"},"primaryImageOfPage":{"@id":"https:\/\/alaisenet.fr\/starter\/mentions-legales\/#primaryimage"},"image":{"@id":"https:\/\/alaisenet.fr\/starter\/mentions-legales\/#primaryimage"},"thumbnailUrl":"https:\/\/alaisenet.fr\/images\/mention-alaisenet.png","datePublished":"2018-11-09T10:53:20+00:00","dateModified":"2018-11-26T09:29:57+00:00","breadcrumb":{"@id":"https:\/\/alaisenet.fr\/starter\/mentions-legales\/#breadcrumb"},"inLanguage":"fr-FR","potentialAction":[{"@type":"ReadAction","target":["https:\/\/alaisenet.fr\/starter\/mentions-legales\/"]}]},{"@type":"ImageObject","inLanguage":"fr-FR","@id":"https:\/\/alaisenet.fr\/starter\/mentions-legales\/#primaryimage","url":"https:\/\/alaisenet.fr\/images\/mention-alaisenet.png","contentUrl":"https:\/\/alaisenet.fr\/images\/mention-alaisenet.png"},{"@type":"BreadcrumbList","@id":"https:\/\/alaisenet.fr\/starter\/mentions-legales\/#breadcrumb","itemListElement":[{"@type":"ListItem","position":1,"name":"Accueil","item":"https:\/\/alaisenet.fr\/starter\/"},{"@type":"ListItem","position":2,"name":"Mentions l\u00e9gales"}]},{"@type":"WebSite","@id":"https:\/\/alaisenet.fr\/starter\/#website","url":"https:\/\/alaisenet.fr\/starter\/","name":"AlaiseSTARTER","description":"Site pr\u00eat \u00e0 l&#039;emploi","potentialAction":[{"@type":"SearchAction","target":{"@type":"EntryPoint","urlTemplate":"https:\/\/alaisenet.fr\/starter\/?s={search_term_string}"},"query-input":{"@type":"PropertyValueSpecification","valueRequired":true,"valueName":"search_term_string"}}],"inLanguage":"fr-FR"}]}},"_links":{"self":[{"href":"https:\/\/alaisenet.fr\/starter\/wp-json\/wp\/v2\/pages\/134","targetHints":{"allow":["GET"]}}],"collection":[{"href":"https:\/\/alaisenet.fr\/starter\/wp-json\/wp\/v2\/pages"}],"about":[{"href":"https:\/\/alaisenet.fr\/starter\/wp-json\/wp\/v2\/types\/page"}],"author":[{"embeddable":true,"href":"https:\/\/alaisenet.fr\/starter\/wp-json\/wp\/v2\/users\/1"}],"replies":[{"embeddable":true,"href":"https:\/\/alaisenet.fr\/starter\/wp-json\/wp\/v2\/comments?post=134"}],"version-history":[{"count":26,"href":"https:\/\/alaisenet.fr\/starter\/wp-json\/wp\/v2\/pages\/134\/revisions"}],"predecessor-version":[{"id":233,"href":"https:\/\/alaisenet.fr\/starter\/wp-json\/wp\/v2\/pages\/134\/revisions\/233"}],"wp:attachment":[{"href":"https:\/\/alaisenet.fr\/starter\/wp-json\/wp\/v2\/media?parent=134"}],"curies":[{"name":"wp","href":"https:\/\/api.w.org\/{rel}","templated":true}]}}